{"id":35,"date":"2025-02-24T15:42:37","date_gmt":"2025-02-24T14:42:37","guid":{"rendered":"https:\/\/tsv-frickenhausen-main.de\/?page_id=35"},"modified":"2025-02-25T10:16:35","modified_gmt":"2025-02-25T09:16:35","slug":"anfahrt","status":"publish","type":"page","link":"https:\/\/tsv-frickenhausen-main.de\/?page_id=35","title":{"rendered":"Anfahrt"},"content":{"rendered":"<p style=\"text-align: center;\"><span style=\"font-size: medium;\">Unser Sportgel\u00e4nde &#8222;Am Geheu&#8220; ist von allen Seiten unseres Ortes beschildert!<\/span><br \/>\n<span style=\"font-size: medium;\">Wir w\u00fcnschen allen unseren G\u00e4sten eine unfallfreie Anreise.<\/span><\/p>\n<p><center><br \/>\n<iframe src=\"https:\/\/www.google.com\/maps\/embed?pb=!1m18!1m12!1m3!1d3150.047077221835!2d10.082824676861993!3d49.67510564288592!2m3!1f0!2f0!3f0!3m2!1i1024!2i768!4f13.1!3m3!1m2!1s0x47a2877cc6da591b%3A0xfd277ca5cefa7b92!2sTSV%20Frickenhausen!5e1!3m2!1sde!2sde!4v1740474792661!5m2!1sde!2sde\" width=\"600\" height=\"450\" style=\"border:0;\" allowfullscreen=\"\" loading=\"lazy\" referrerpolicy=\"no-referrer-when-downgrade\"><\/iframe><br \/>\n<center><\/p>\n","protected":false},"excerpt":{"rendered":"<p>Unser Sportgel\u00e4nde &#8222;Am Geheu&#8220; ist von allen Seiten unseres Ortes beschildert! Wir w\u00fcnschen allen unseren G\u00e4sten eine unfallfreie Anreise.<\/p>\n","protected":false},"author":1,"featured_media":0,"parent":0,"menu_order":0,"comment_status":"closed","ping_status":"closed","template":"","meta":{"footnotes":""},"class_list":["post-35","page","type-page","status-publish","hentry"],"_links":{"self":[{"href":"https:\/\/tsv-frickenhausen-main.de\/index.php?rest_route=\/wp\/v2\/pages\/35","targetHints":{"allow":["GET"]}}],"collection":[{"href":"https:\/\/tsv-frickenhausen-main.de\/index.php?rest_route=\/wp\/v2\/pages"}],"about":[{"href":"https:\/\/tsv-frickenhausen-main.de\/index.php?rest_route=\/wp\/v2\/types\/page"}],"author":[{"embeddable":true,"href":"https:\/\/tsv-frickenhausen-main.de\/index.php?rest_route=\/wp\/v2\/users\/1"}],"replies":[{"embeddable":true,"href":"https:\/\/tsv-frickenhausen-main.de\/index.php?rest_route=%2Fwp%2Fv2%2Fcomments&post=35"}],"version-history":[{"count":5,"href":"https:\/\/tsv-frickenhausen-main.de\/index.php?rest_route=\/wp\/v2\/pages\/35\/revisions"}],"predecessor-version":[{"id":102,"href":"https:\/\/tsv-frickenhausen-main.de\/index.php?rest_route=\/wp\/v2\/pages\/35\/revisions\/102"}],"wp:attachment":[{"href":"https:\/\/tsv-frickenhausen-main.de\/index.php?rest_route=%2Fwp%2Fv2%2Fmedia&parent=35"}],"curies":[{"name":"wp","href":"https:\/\/api.w.org\/{rel}","templated":true}]}}