{"id":41,"date":"2025-02-24T15:44:00","date_gmt":"2025-02-24T14:44:00","guid":{"rendered":"https:\/\/tsv-frickenhausen-main.de\/?page_id=41"},"modified":"2025-07-08T16:25:48","modified_gmt":"2025-07-08T14:25:48","slug":"ueber-uns","status":"publish","type":"page","link":"https:\/\/tsv-frickenhausen-main.de\/?page_id=41","title":{"rendered":"\u00dcber Uns"},"content":{"rendered":"<p><em><strong>Vorstand<\/strong><\/em><\/p>\n<table>\n<tbody>\n<tr>\n<td width=\"121\"><strong>Funktion<\/strong><\/td>\n<td width=\"121\"><strong>Name<\/strong><\/td>\n<td width=\"121\"><strong>Telefon<\/strong><\/td>\n<td width=\"121\"><strong>Mobil<\/strong><\/td>\n<td width=\"121\"><strong>Email<\/strong><\/td>\n<\/tr>\n<tr>\n<td width=\"121\">1. Vorsitzender<\/td>\n<td width=\"121\">Helmut Wittiger<\/td>\n<td width=\"121\">09331 1601<\/td>\n<td width=\"121\">0152 25747553<\/td>\n<td width=\"121\"><a href=\"mailto:helmut.wittiger@t-online.de\">helmut.wittiger@t-online.de<\/a><\/td>\n<\/tr>\n<tr>\n<td width=\"121\">2. Vorsitzender<\/td>\n<td width=\"121\">Marcel Strasser<\/td>\n<td width=\"121\"><\/td>\n<td width=\"121\">0176 64076804<\/td>\n<td width=\"121\"><a href=\"mailto:marcel-strasser@web.de\">marcel-strasser@web.de<\/a><\/td>\n<\/tr>\n<tr>\n<td width=\"121\">Sportausschuss Vorsitzender<\/td>\n<td width=\"121\">G\u00fcnter Sieber<\/td>\n<td width=\"121\"><\/td>\n<td width=\"121\">0174 2043756<\/td>\n<td width=\"121\"><a href=\"mailto:guennisieber@aol.com\">guennisiebert@aol.com<\/a><\/td>\n<\/tr>\n<tr>\n<td width=\"121\">Kassier<\/td>\n<td width=\"121\">Nils Kemmer<\/td>\n<td width=\"121\"><\/td>\n<td width=\"121\">015116502580<\/td>\n<td width=\"121\"><a href=\"mailto:nils-kemmer@freenet.de\">nils-kemmer@freenet.de<\/a><\/td>\n<\/tr>\n<tr>\n<td width=\"121\">Schriftf\u00fchrerin<\/td>\n<td width=\"121\">Mona Sieber<\/td>\n<td width=\"121\"><\/td>\n<td width=\"121\">0160 94484065<\/td>\n<td width=\"121\"><a href=\"mailto:mollysie@aol.com\">mollysie@aol.com<\/a><\/td>\n<\/tr>\n<\/tbody>\n<\/table>\n<p>&nbsp;<\/p>\n<p><em><strong>Erweiterter Vorstand<\/strong><\/em><\/p>\n<table>\n<tbody>\n<tr>\n<td width=\"121\">Vergn\u00fcgungswart<\/td>\n<td width=\"121\">Claudia Hammer<\/td>\n<td width=\"121\">09331 7618<\/td>\n<td width=\"121\">0171 6804858<\/td>\n<td width=\"121\"><a href=\"mailto:clau.ham@t-online.de\">clau.ham@t-online.de<\/a><\/td>\n<\/tr>\n<tr>\n<td width=\"121\">Beisitzer<\/td>\n<td width=\"121\">Philipp Meintzinger<\/td>\n<td width=\"121\"><\/td>\n<td width=\"121\"><\/td>\n<td width=\"121\"><\/td>\n<\/tr>\n<tr>\n<td width=\"121\">Beisitzer<\/td>\n<td width=\"121\">Bianca Rumpel<\/td>\n<td width=\"121\"><\/td>\n<td width=\"121\"><\/td>\n<td width=\"121\"><\/td>\n<\/tr>\n<tr>\n<td width=\"121\">VEAB<\/td>\n<td width=\"121\">Simon Lang<\/td>\n<td width=\"121\"><\/td>\n<td width=\"121\"><\/td>\n<td width=\"121\"><\/td>\n<\/tr>\n<\/tbody>\n<\/table>\n<p>&nbsp;<\/p>\n<table>\n<tbody>\n<tr>\n<td width=\"201\">Fu\u00dfball 1. Mannschaft Damen<\/td>\n<td width=\"201\">Bianca Rumpel<\/td>\n<td width=\"201\"><\/td>\n<\/tr>\n<tr>\n<td width=\"201\">Fu\u00dfball 1. Mannschaft Herren<\/td>\n<td width=\"201\">Nils Kemmer<\/td>\n<td width=\"201\"><\/td>\n<\/tr>\n<tr>\n<td width=\"201\">Freizeitfu\u00dfball<\/td>\n<td width=\"201\">Thorsten Seiler<\/td>\n<td width=\"201\"><\/td>\n<\/tr>\n<tr>\n<td width=\"201\">Damengymnastik Gruppe 1<\/td>\n<td width=\"201\">Theresia Metzger<\/td>\n<td width=\"201\"><\/td>\n<\/tr>\n<\/tbody>\n<\/table>\n<p>&nbsp;<\/p>\n","protected":false},"excerpt":{"rendered":"<p>Vorstand Funktion Name Telefon Mobil Email 1. Vorsitzender Helmut Wittiger 09331 1601 0152 25747553 helmut.wittiger@t-online.de 2. Vorsitzender Marcel Strasser 0176 64076804 marcel-strasser@web.de Sportausschuss Vorsitzender G\u00fcnter Sieber 0174 2043756 guennisiebert@aol.com Kassier Nils Kemmer 015116502580 nils-kemmer@freenet.de Schriftf\u00fchrerin Mona Sieber 0160 94484065 mollysie@aol.com &nbsp; Erweiterter Vorstand Vergn\u00fcgungswart Claudia Hammer 09331 7618 0171 6804858 clau.ham@t-online.de Beisitzer Philipp Meintzinger Beisitzer [&hellip;]<\/p>\n","protected":false},"author":1,"featured_media":0,"parent":0,"menu_order":0,"comment_status":"closed","ping_status":"closed","template":"","meta":{"footnotes":""},"class_list":["post-41","page","type-page","status-publish","hentry"],"_links":{"self":[{"href":"https:\/\/tsv-frickenhausen-main.de\/index.php?rest_route=\/wp\/v2\/pages\/41","targetHints":{"allow":["GET"]}}],"collection":[{"href":"https:\/\/tsv-frickenhausen-main.de\/index.php?rest_route=\/wp\/v2\/pages"}],"about":[{"href":"https:\/\/tsv-frickenhausen-main.de\/index.php?rest_route=\/wp\/v2\/types\/page"}],"author":[{"embeddable":true,"href":"https:\/\/tsv-frickenhausen-main.de\/index.php?rest_route=\/wp\/v2\/users\/1"}],"replies":[{"embeddable":true,"href":"https:\/\/tsv-frickenhausen-main.de\/index.php?rest_route=%2Fwp%2Fv2%2Fcomments&post=41"}],"version-history":[{"count":9,"href":"https:\/\/tsv-frickenhausen-main.de\/index.php?rest_route=\/wp\/v2\/pages\/41\/revisions"}],"predecessor-version":[{"id":166,"href":"https:\/\/tsv-frickenhausen-main.de\/index.php?rest_route=\/wp\/v2\/pages\/41\/revisions\/166"}],"wp:attachment":[{"href":"https:\/\/tsv-frickenhausen-main.de\/index.php?rest_route=%2Fwp%2Fv2%2Fmedia&parent=41"}],"curies":[{"name":"wp","href":"https:\/\/api.w.org\/{rel}","templated":true}]}}